{"id":1270,"date":"2013-11-14T11:02:43","date_gmt":"2013-11-14T16:02:43","guid":{"rendered":"http:\/\/aviaquebec.ca\/wp\/?page_id=1270"},"modified":"2019-10-04T09:27:07","modified_gmt":"2019-10-04T14:27:07","slug":"eqsp","status":"publish","type":"page","link":"https:\/\/aviaquebec.ca\/wp\/liens-utiles\/eqsp\/","title":{"rendered":"EQSP"},"content":{"rendered":"<section class=\"l-section wpb_row height_medium\"><div class=\"l-section-h i-cf\"><div class=\"g-cols vc_row type_default valign_top\"><div class=\"vc_col-sm-12 wpb_column vc_column_container\"><div class=\"vc_column-inner\"><div class=\"wpb_wrapper\">\r\n\t<div class=\"wpb_text_column \">\r\n\t\t<div class=\"wpb_wrapper\">\r\n\t\t\t<p>Le comit\u00e9 consultatif de l&#8217;EQSP a \u00e9t\u00e9 active \u00e0 l&#8217;automne 2019.<\/p>\n<p>L\u2019objectif de ce comit\u00e9 technique est de d\u00e9velopper un plan de mesures d\u2019urgence pour nous pr\u00e9parer le mieux possible face \u00e0 la menace de la peste porcine africaine. Ce comit\u00e9 consultatif est form\u00e9 des \u00c9leveurs de porcs, les abattoirs, l\u2019AQINAC, l\u2019ACIA, le MAPAQ, la FMV, le CDPQ, la Coop f\u00e9d\u00e9r\u00e9e et l\u2019AVIA.<\/p>\n<p>L&#8217;AVIA a mandat\u00e9 Dre Marie-Claude Poulin de nous repr\u00e9senter sur ce comit\u00e9.<\/p>\n\n\r\n\t\t<\/div>\r\n\t<\/div>\r\n<\/div><\/div><\/div><\/div><\/div><\/section>\n","protected":false},"excerpt":{"rendered":"Le comit\u00e9 consultatif de l'EQSP a \u00e9t\u00e9 active \u00e0 l'automne 2019. L\u2019objectif de ce comit\u00e9 technique est de d\u00e9velopper un plan de mesures d\u2019urgence pour nous pr\u00e9parer le mieux possible face \u00e0 la menace de la peste porcine africaine. Ce comit\u00e9 consultatif est form\u00e9 des \u00c9leveurs de porcs, les abattoirs, l\u2019AQINAC, l\u2019ACIA, le MAPAQ, la...","protected":false},"author":143,"featured_media":0,"parent":34,"menu_order":0,"comment_status":"open","ping_status":"open","template":"","meta":{"_bbp_topic_count":0,"_bbp_reply_count":0,"_bbp_total_topic_count":0,"_bbp_total_reply_count":0,"_bbp_voice_count":0,"_bbp_anonymous_reply_count":0,"_bbp_topic_count_hidden":0,"_bbp_reply_count_hidden":0,"_bbp_forum_subforum_count":0},"_links":{"self":[{"href":"https:\/\/aviaquebec.ca\/wp\/wp-json\/wp\/v2\/pages\/1270"}],"collection":[{"href":"https:\/\/aviaquebec.ca\/wp\/wp-json\/wp\/v2\/pages"}],"about":[{"href":"https:\/\/aviaquebec.ca\/wp\/wp-json\/wp\/v2\/types\/page"}],"author":[{"embeddable":true,"href":"https:\/\/aviaquebec.ca\/wp\/wp-json\/wp\/v2\/users\/143"}],"replies":[{"embeddable":true,"href":"https:\/\/aviaquebec.ca\/wp\/wp-json\/wp\/v2\/comments?post=1270"}],"version-history":[{"count":28,"href":"https:\/\/aviaquebec.ca\/wp\/wp-json\/wp\/v2\/pages\/1270\/revisions"}],"predecessor-version":[{"id":3711,"href":"https:\/\/aviaquebec.ca\/wp\/wp-json\/wp\/v2\/pages\/1270\/revisions\/3711"}],"up":[{"embeddable":true,"href":"https:\/\/aviaquebec.ca\/wp\/wp-json\/wp\/v2\/pages\/34"}],"wp:attachment":[{"href":"https:\/\/aviaquebec.ca\/wp\/wp-json\/wp\/v2\/media?parent=1270"}],"curies":[{"name":"wp","href":"https:\/\/api.w.org\/{rel}","templated":true}]}}